{"id":270,"date":"2019-10-23T01:59:45","date_gmt":"2019-10-23T01:59:45","guid":{"rendered":"https:\/\/demo2wpopal.b-cdn.net\/rehomes\/?page_id=270"},"modified":"2025-01-23T07:20:56","modified_gmt":"2025-01-23T07:20:56","slug":"our-leaders","status":"publish","type":"page","link":"https:\/\/jcarquitectoslto.com\/en\/our-leaders\/","title":{"rendered":"Our Team"},"content":{"rendered":"<div data-elementor-type=\"wp-page\" data-elementor-id=\"270\" class=\"elementor elementor-270\">\n\t\t\t\t\t\t<section class=\"elementor-section elementor-top-section elementor-element elementor-element-5d002ac elementor-section-stretched elementor-section-boxed elementor-section-height-default elementor-section-height-default\" data-id=\"5d002ac\" data-element_type=\"section\" data-settings=\"{&quot;stretch_section&quot;:&quot;section-stretched&quot;}\">\n\t\t\t\t\t\t<div class=\"elementor-container elementor-column-gap-no\">\n\t\t\t\t\t<div class=\"elementor-column elementor-col-100 elementor-top-column elementor-element elementor-element-946e435\" data-id=\"946e435\" data-element_type=\"column\">\n\t\t\t<div class=\"elementor-widget-wrap elementor-element-populated\">\n\t\t\t\t\t\t\t<\/div>\n\t\t<\/div>\n\t\t\t\t\t<\/div>\n\t\t<\/section>\n\t\t\t\t<section class=\"elementor-section elementor-top-section elementor-element elementor-element-c862138 elementor-section-stretched elementor-section-boxed elementor-section-height-default elementor-section-height-default\" data-id=\"c862138\" data-element_type=\"section\" data-settings=\"{&quot;stretch_section&quot;:&quot;section-stretched&quot;}\">\n\t\t\t\t\t\t<div class=\"elementor-container elementor-column-gap-no\">\n\t\t\t\t\t<div class=\"elementor-column elementor-col-50 elementor-top-column elementor-element elementor-element-0f39274\" data-id=\"0f39274\" data-element_type=\"column\">\n\t\t\t<div class=\"elementor-widget-wrap elementor-element-populated\">\n\t\t\t\t\t\t<div class=\"elementor-element elementor-element-0178205 elementor-vertical-align-middle elementor-position-left animated-fast elementor-invisible elementor-widget elementor-widget-image-box\" data-id=\"0178205\" data-element_type=\"widget\" data-settings=\"{&quot;_animation&quot;:&quot;opal-move-up&quot;}\" data-widget_type=\"image-box.default\">\n\t\t\t\t<div class=\"elementor-widget-container\">\n\t\t\t\t\t<div class=\"elementor-image-box-wrapper elementor-button-\"><div class=\"elementor-image-framed\"><figure class=\"elementor-image-box-img\"><a href=\"#\"><img fetchpriority=\"high\" decoding=\"async\" width=\"350\" height=\"502\" src=\"https:\/\/jcarquitectoslto.com\/wp-content\/uploads\/2024\/12\/COLABORADORES-002-1.jpg\" class=\"attachment-full size-full wp-image-7424\" alt=\"\" srcset=\"https:\/\/jcarquitectoslto.com\/wp-content\/uploads\/2024\/12\/COLABORADORES-002-1.jpg 350w, https:\/\/jcarquitectoslto.com\/wp-content\/uploads\/2024\/12\/COLABORADORES-002-1-209x300.jpg 209w, https:\/\/jcarquitectoslto.com\/wp-content\/uploads\/2024\/12\/COLABORADORES-002-1-8x12.jpg 8w\" sizes=\"(max-width: 350px) 100vw, 350px\" \/><\/a><\/figure><\/div><div class=\"elementor-image-box-content\"><div class=\"elementor-image-box-sub-title\">CEO<\/div><h3 class=\"elementor-image-box-title\"><a href=\"#\">Jes\u00fas Cort\u00e9s<\/a><\/h3><p class=\"elementor-image-box-description\">Architect (Faculty of Architecture, U.A.B.C., Mexicali, B.C. | 1987-1991).\n<br>Master's in Construction Management (Portenta University, Zacatecas | 2020).<\/p><\/div><\/div>\t\t\t\t<\/div>\n\t\t\t\t<\/div>\n\t\t\t\t<div class=\"elementor-element elementor-element-9cb0ad8 elementor-vertical-align-middle elementor-position-left animated-fast elementor-invisible elementor-widget elementor-widget-image-box\" data-id=\"9cb0ad8\" data-element_type=\"widget\" data-settings=\"{&quot;_animation&quot;:&quot;opal-move-up&quot;}\" data-widget_type=\"image-box.default\">\n\t\t\t\t<div class=\"elementor-widget-container\">\n\t\t\t\t\t<div class=\"elementor-image-box-wrapper elementor-button-\"><div class=\"elementor-image-framed\"><figure class=\"elementor-image-box-img\"><a href=\"#\"><img decoding=\"async\" width=\"350\" height=\"502\" src=\"https:\/\/jcarquitectoslto.com\/wp-content\/uploads\/2025\/01\/COLABORADORES-0003.jpg\" class=\"attachment-full size-full wp-image-7438\" alt=\"\" srcset=\"https:\/\/jcarquitectoslto.com\/wp-content\/uploads\/2025\/01\/COLABORADORES-0003.jpg 350w, https:\/\/jcarquitectoslto.com\/wp-content\/uploads\/2025\/01\/COLABORADORES-0003-209x300.jpg 209w, https:\/\/jcarquitectoslto.com\/wp-content\/uploads\/2025\/01\/COLABORADORES-0003-8x12.jpg 8w\" sizes=\"(max-width: 350px) 100vw, 350px\" \/><\/a><\/figure><\/div><div class=\"elementor-image-box-content\"><div class=\"elementor-image-box-sub-title\">Administrative<\/div><h3 class=\"elementor-image-box-title\"><a href=\"#\">Paty Torres<\/a><\/h3><p class=\"elementor-image-box-description\">Head of Administrative Area.\nWorks at JC Arquitectos since 2017.<\/p><\/div><\/div>\t\t\t\t<\/div>\n\t\t\t\t<\/div>\n\t\t\t\t\t<\/div>\n\t\t<\/div>\n\t\t\t\t<div class=\"elementor-column elementor-col-50 elementor-top-column elementor-element elementor-element-057a3fe\" data-id=\"057a3fe\" data-element_type=\"column\">\n\t\t\t<div class=\"elementor-widget-wrap elementor-element-populated\">\n\t\t\t\t\t\t<div class=\"elementor-element elementor-element-d940fce elementor-position-left elementor-vertical-align-middle animated-fast elementor-invisible elementor-widget elementor-widget-image-box\" data-id=\"d940fce\" data-element_type=\"widget\" data-settings=\"{&quot;_animation&quot;:&quot;opal-move-up&quot;,&quot;_animation_delay&quot;:150}\" data-widget_type=\"image-box.default\">\n\t\t\t\t<div class=\"elementor-widget-container\">\n\t\t\t\t\t<div class=\"elementor-image-box-wrapper elementor-button-\"><div class=\"elementor-image-framed\"><figure class=\"elementor-image-box-img\"><a href=\"#\"><img decoding=\"async\" width=\"350\" height=\"502\" src=\"https:\/\/jcarquitectoslto.com\/wp-content\/uploads\/2024\/12\/COLABORADORES-004-1.jpg\" class=\"attachment-full size-full wp-image-7426\" alt=\"\" srcset=\"https:\/\/jcarquitectoslto.com\/wp-content\/uploads\/2024\/12\/COLABORADORES-004-1.jpg 350w, https:\/\/jcarquitectoslto.com\/wp-content\/uploads\/2024\/12\/COLABORADORES-004-1-209x300.jpg 209w, https:\/\/jcarquitectoslto.com\/wp-content\/uploads\/2024\/12\/COLABORADORES-004-1-8x12.jpg 8w\" sizes=\"(max-width: 350px) 100vw, 350px\" \/><\/a><\/figure><\/div><div class=\"elementor-image-box-content\"><div class=\"elementor-image-box-sub-title\">Project Director<\/div><h3 class=\"elementor-image-box-title\"><a href=\"#\">Erick Cort\u00e9s<\/a><\/h3><p class=\"elementor-image-box-description\">Architect (Faculty of Architecture at Xochicalco University, Ensenada, B.C. | 2014-2018). Degree Completion Course (San Sebastian University, Concepci\u00f3n, Chile | 2018).<br>Master's in Construction Management (Portenta University, Zacatecas | 2020).<\/p><\/div><\/div>\t\t\t\t<\/div>\n\t\t\t\t<\/div>\n\t\t\t\t<div class=\"elementor-element elementor-element-fab4503 elementor-position-left elementor-vertical-align-middle animated-fast elementor-invisible elementor-widget elementor-widget-image-box\" data-id=\"fab4503\" data-element_type=\"widget\" data-settings=\"{&quot;_animation&quot;:&quot;opal-move-up&quot;,&quot;_animation_delay&quot;:150}\" data-widget_type=\"image-box.default\">\n\t\t\t\t<div class=\"elementor-widget-container\">\n\t\t\t\t\t<div class=\"elementor-image-box-wrapper elementor-button-\"><div class=\"elementor-image-framed\"><figure class=\"elementor-image-box-img\"><a href=\"#\"><img loading=\"lazy\" decoding=\"async\" width=\"350\" height=\"502\" src=\"https:\/\/jcarquitectoslto.com\/wp-content\/uploads\/2024\/12\/COLABORADORES-001-1.jpg\" class=\"attachment-full size-full wp-image-7423\" alt=\"\" srcset=\"https:\/\/jcarquitectoslto.com\/wp-content\/uploads\/2024\/12\/COLABORADORES-001-1.jpg 350w, https:\/\/jcarquitectoslto.com\/wp-content\/uploads\/2024\/12\/COLABORADORES-001-1-209x300.jpg 209w, https:\/\/jcarquitectoslto.com\/wp-content\/uploads\/2024\/12\/COLABORADORES-001-1-8x12.jpg 8w\" sizes=\"(max-width: 350px) 100vw, 350px\" \/><\/a><\/figure><\/div><div class=\"elementor-image-box-content\"><div class=\"elementor-image-box-sub-title\">Purchases<\/div><h3 class=\"elementor-image-box-title\"><a href=\"#\">Javier Rubio<\/a><\/h3><p class=\"elementor-image-box-description\">Bachelor's in Public Administration (U.A.B.C.S.). Head of Purchasing Area. Works at JC Arquitectos since 2021.<\/p><\/div><\/div>\t\t\t\t<\/div>\n\t\t\t\t<\/div>\n\t\t\t\t\t<\/div>\n\t\t<\/div>\n\t\t\t\t\t<\/div>\n\t\t<\/section>\n\t\t\t\t<section class=\"elementor-section elementor-top-section elementor-element elementor-element-7f86f3b elementor-section-stretched elementor-section-boxed elementor-section-height-default elementor-section-height-default\" data-id=\"7f86f3b\" data-element_type=\"section\" data-settings=\"{&quot;stretch_section&quot;:&quot;section-stretched&quot;}\">\n\t\t\t\t\t\t<div class=\"elementor-container elementor-column-gap-no\">\n\t\t\t\t\t<div class=\"elementor-column elementor-col-100 elementor-top-column elementor-element elementor-element-abdfe2e\" data-id=\"abdfe2e\" data-element_type=\"column\">\n\t\t\t<div class=\"elementor-widget-wrap elementor-element-populated\">\n\t\t\t\t\t\t<div class=\"elementor-element elementor-element-3dfc9b4 elementor-widget elementor-widget-image\" data-id=\"3dfc9b4\" data-element_type=\"widget\" data-widget_type=\"image.default\">\n\t\t\t\t<div class=\"elementor-widget-container\">\n\t\t\t\t\t\t\t\t\t\t\t\t\t\t\t<img loading=\"lazy\" decoding=\"async\" width=\"1920\" height=\"980\" src=\"https:\/\/jcarquitectoslto.com\/wp-content\/uploads\/2025\/01\/DSC03350.jpg\" class=\"attachment-2048x2048 size-2048x2048 wp-image-7434\" alt=\"\" srcset=\"https:\/\/jcarquitectoslto.com\/wp-content\/uploads\/2025\/01\/DSC03350.jpg 1920w, https:\/\/jcarquitectoslto.com\/wp-content\/uploads\/2025\/01\/DSC03350-300x153.jpg 300w, https:\/\/jcarquitectoslto.com\/wp-content\/uploads\/2025\/01\/DSC03350-1024x523.jpg 1024w, https:\/\/jcarquitectoslto.com\/wp-content\/uploads\/2025\/01\/DSC03350-768x392.jpg 768w, https:\/\/jcarquitectoslto.com\/wp-content\/uploads\/2025\/01\/DSC03350-1536x784.jpg 1536w, https:\/\/jcarquitectoslto.com\/wp-content\/uploads\/2025\/01\/DSC03350-18x9.jpg 18w, https:\/\/jcarquitectoslto.com\/wp-content\/uploads\/2025\/01\/DSC03350-700x357.jpg 700w\" sizes=\"(max-width: 1920px) 100vw, 1920px\" \/>\t\t\t\t\t\t\t\t\t\t\t\t\t\t\t<\/div>\n\t\t\t\t<\/div>\n\t\t\t\t\t<\/div>\n\t\t<\/div>\n\t\t\t\t\t<\/div>\n\t\t<\/section>\n\t\t\t\t<\/div>","protected":false},"excerpt":{"rendered":"<p>Director General Jes\u00fas Cort\u00e9s Arquitecto (Facultad de Arquitectura, U.A.B.C., Mexicali, B.C. | 1987-1991). Maestr\u00eda en Administraci\u00f3n de la construcci\u00f3n (Universidad Portenta, Zacatecas | 2020). Administrativo Paty Torres Responsable de \u00c1rea Administrativa. Labora en JC Arquitectos desde 2017. Director de Proyectos Erick Cort\u00e9s Arquitecto (Facultad de Arquitectura en la Universidad de Xochicalco, Ensenada, B.C. | 2014-2018). &hellip; <\/p>\n<p class=\"link-more\"><a href=\"https:\/\/jcarquitectoslto.com\/en\/our-leaders\/\" class=\"more-link\">Read More <span class=\"screen-reader-text\"> &#8220;Nuestro Equipo&#8221;<\/span><\/a><\/p>","protected":false},"author":1,"featured_media":0,"parent":0,"menu_order":0,"comment_status":"closed","ping_status":"closed","template":"page-elementor.php","meta":{"_monsterinsights_skip_tracking":false,"_monsterinsights_sitenote_active":false,"_monsterinsights_sitenote_note":"","_monsterinsights_sitenote_category":0,"footnotes":""},"class_list":["post-270","page","type-page","status-publish","hentry"],"aioseo_notices":[],"_links":{"self":[{"href":"https:\/\/jcarquitectoslto.com\/en\/wp-json\/wp\/v2\/pages\/270"}],"collection":[{"href":"https:\/\/jcarquitectoslto.com\/en\/wp-json\/wp\/v2\/pages"}],"about":[{"href":"https:\/\/jcarquitectoslto.com\/en\/wp-json\/wp\/v2\/types\/page"}],"author":[{"embeddable":true,"href":"https:\/\/jcarquitectoslto.com\/en\/wp-json\/wp\/v2\/users\/1"}],"replies":[{"embeddable":true,"href":"https:\/\/jcarquitectoslto.com\/en\/wp-json\/wp\/v2\/comments?post=270"}],"version-history":[{"count":37,"href":"https:\/\/jcarquitectoslto.com\/en\/wp-json\/wp\/v2\/pages\/270\/revisions"}],"predecessor-version":[{"id":7510,"href":"https:\/\/jcarquitectoslto.com\/en\/wp-json\/wp\/v2\/pages\/270\/revisions\/7510"}],"wp:attachment":[{"href":"https:\/\/jcarquitectoslto.com\/en\/wp-json\/wp\/v2\/media?parent=270"}],"curies":[{"name":"wp","href":"https:\/\/api.w.org\/{rel}","templated":true}]}}